{"id":1172,"date":"2024-03-22T08:05:14","date_gmt":"2024-03-22T07:05:14","guid":{"rendered":"https:\/\/akyalis.ch\/?post_type=product&#038;p=1172"},"modified":"2026-03-05T16:31:29","modified_gmt":"2026-03-05T15:31:29","slug":"lingettes-microfibres","status":"publish","type":"product","link":"https:\/\/akyalis.ch\/de\/produkt\/lingettes-microfibres\/","title":{"rendered":"Mikrofasert\u00fccher"},"content":{"rendered":"<p>Unsere sanften, hochwertigen Mikrofasert\u00fccher reinigen Brillen und Displays streifenfrei. Dank elektrostatischer Wirkung ziehen sie Staub effektiv an und halten ihn fest, ohne Spuren zu hinterlassen. Sie hinterlassen keinerlei Spuren auf den gereinigten Oberfl\u00e4chen und sorgen f\u00fcr einen brillanten Glanz.<\/p>","protected":false},"excerpt":{"rendered":"<p>Unsere sanften, hochwertigen Mikrofasert\u00fccher reinigen Brillen und Displays streifenfrei. Dank elektrostatischer Wirkung ziehen sie Staub effektiv an und halten ihn fest, ohne Spuren zu hinterlassen. Sie hinterlassen keinerlei Spuren auf den gereinigten Oberfl\u00e4chen und sorgen f\u00fcr einen brillanten Glanz.<\/p>","protected":false},"featured_media":1173,"comment_status":"open","ping_status":"closed","template":"","meta":{"_acf_changed":false},"product_brand":[],"product_cat":[63],"product_tag":[],"class_list":{"0":"post-1172","1":"product","2":"type-product","3":"status-publish","4":"has-post-thumbnail","6":"product_cat-lunettes-ecrans","8":"first","9":"instock","10":"shipping-taxable","11":"product-type-simple"},"acf":[],"yoast_head":"<!-- This site is optimized with the Yoast SEO plugin v27.5 - https:\/\/yoast.com\/product\/yoast-seo-wordpress\/ -->\n<title>Lingettes Microfibres - Akyalis<\/title>\n<meta name=\"robots\" content=\"index, follow, max-snippet:-1, max-image-preview:large, max-video-preview:-1\" \/>\n<link rel=\"canonical\" href=\"https:\/\/akyalis.ch\/de\/produkt\/lingettes-microfibres\/\" \/>\n<meta property=\"og:locale\" content=\"de_DE\" \/>\n<meta property=\"og:type\" content=\"article\" \/>\n<meta property=\"og:title\" content=\"Lingettes Microfibres - Akyalis\" \/>\n<meta property=\"og:description\" content=\"De qualit\u00e9 sup\u00e9rieure et au toucher agr\u00e9able, nos lingettes garantissent un nettoyage exceptionnel de vos lunettes et de tous vos \u00e9crans. De plus, gr\u00e2ce \u00e0 leurs propri\u00e9t\u00e9s \u00e9lectrostatiques, ils attirent et retiennent facilement la poussi\u00e8re. Ne laissent aucune trace sur les surfaces nettoy\u00e9es et permettent d\u2019obtenir une brillance \u00e9clatante.\" \/>\n<meta property=\"og:url\" content=\"https:\/\/akyalis.ch\/de\/produkt\/lingettes-microfibres\/\" \/>\n<meta property=\"og:site_name\" content=\"Akyalis\" \/>\n<meta property=\"article:modified_time\" content=\"2026-03-05T15:31:29+00:00\" \/>\n<meta property=\"og:image\" content=\"https:\/\/akyalis.ch\/wp-content\/uploads\/2024\/03\/lingettes-microfibres.jpg\" \/>\n\t<meta property=\"og:image:width\" content=\"598\" \/>\n\t<meta property=\"og:image:height\" content=\"598\" \/>\n\t<meta property=\"og:image:type\" content=\"image\/jpeg\" \/>\n<meta name=\"twitter:card\" content=\"summary_large_image\" \/>\n<meta name=\"twitter:label1\" content=\"Gesch\u00e4tzte Lesezeit\" \/>\n\t<meta name=\"twitter:data1\" content=\"1\u00a0Minute\" \/>\n<script type=\"application\/ld+json\" class=\"yoast-schema-graph\">{\"@context\":\"https:\\\/\\\/schema.org\",\"@graph\":[{\"@type\":\"WebPage\",\"@id\":\"https:\\\/\\\/akyalis.ch\\\/produit\\\/lingettes-microfibres\\\/\",\"url\":\"https:\\\/\\\/akyalis.ch\\\/produit\\\/lingettes-microfibres\\\/\",\"name\":\"Lingettes Microfibres - Akyalis\",\"isPartOf\":{\"@id\":\"https:\\\/\\\/akyalis.ch\\\/#website\"},\"primaryImageOfPage\":{\"@id\":\"https:\\\/\\\/akyalis.ch\\\/produit\\\/lingettes-microfibres\\\/#primaryimage\"},\"image\":{\"@id\":\"https:\\\/\\\/akyalis.ch\\\/produit\\\/lingettes-microfibres\\\/#primaryimage\"},\"thumbnailUrl\":\"https:\\\/\\\/akyalis.ch\\\/wp-content\\\/uploads\\\/2024\\\/03\\\/lingettes-microfibres.jpg\",\"datePublished\":\"2024-03-22T07:05:14+00:00\",\"dateModified\":\"2026-03-05T15:31:29+00:00\",\"breadcrumb\":{\"@id\":\"https:\\\/\\\/akyalis.ch\\\/produit\\\/lingettes-microfibres\\\/#breadcrumb\"},\"inLanguage\":\"de-CH\",\"potentialAction\":[{\"@type\":\"ReadAction\",\"target\":[\"https:\\\/\\\/akyalis.ch\\\/produit\\\/lingettes-microfibres\\\/\"]}]},{\"@type\":\"ImageObject\",\"inLanguage\":\"de-CH\",\"@id\":\"https:\\\/\\\/akyalis.ch\\\/produit\\\/lingettes-microfibres\\\/#primaryimage\",\"url\":\"https:\\\/\\\/akyalis.ch\\\/wp-content\\\/uploads\\\/2024\\\/03\\\/lingettes-microfibres.jpg\",\"contentUrl\":\"https:\\\/\\\/akyalis.ch\\\/wp-content\\\/uploads\\\/2024\\\/03\\\/lingettes-microfibres.jpg\",\"width\":598,\"height\":598},{\"@type\":\"BreadcrumbList\",\"@id\":\"https:\\\/\\\/akyalis.ch\\\/produit\\\/lingettes-microfibres\\\/#breadcrumb\",\"itemListElement\":[{\"@type\":\"ListItem\",\"position\":1,\"name\":\"Accueil\",\"item\":\"https:\\\/\\\/akyalis.ch\\\/\"},{\"@type\":\"ListItem\",\"position\":2,\"name\":\"Boutique\",\"item\":\"https:\\\/\\\/akyalis.ch\\\/boutique\\\/\"},{\"@type\":\"ListItem\",\"position\":3,\"name\":\"Lingettes Microfibres\"}]},{\"@type\":\"WebSite\",\"@id\":\"https:\\\/\\\/akyalis.ch\\\/#website\",\"url\":\"https:\\\/\\\/akyalis.ch\\\/\",\"name\":\"Akyalis\",\"description\":\"Mikrofaser\",\"publisher\":{\"@id\":\"https:\\\/\\\/akyalis.ch\\\/#organization\"},\"potentialAction\":[{\"@type\":\"SearchAction\",\"target\":{\"@type\":\"EntryPoint\",\"urlTemplate\":\"https:\\\/\\\/akyalis.ch\\\/?s={search_term_string}\"},\"query-input\":{\"@type\":\"PropertyValueSpecification\",\"valueRequired\":true,\"valueName\":\"search_term_string\"}}],\"inLanguage\":\"de-CH\"},{\"@type\":\"Organization\",\"@id\":\"https:\\\/\\\/akyalis.ch\\\/#organization\",\"name\":\"Akyalis\",\"url\":\"https:\\\/\\\/akyalis.ch\\\/\",\"logo\":{\"@type\":\"ImageObject\",\"inLanguage\":\"de-CH\",\"@id\":\"https:\\\/\\\/akyalis.ch\\\/#\\\/schema\\\/logo\\\/image\\\/\",\"url\":\"https:\\\/\\\/akyalis.ch\\\/wp-content\\\/uploads\\\/2024\\\/03\\\/logo_wht.png\",\"contentUrl\":\"https:\\\/\\\/akyalis.ch\\\/wp-content\\\/uploads\\\/2024\\\/03\\\/logo_wht.png\",\"width\":347,\"height\":97,\"caption\":\"Akyalis\"},\"image\":{\"@id\":\"https:\\\/\\\/akyalis.ch\\\/#\\\/schema\\\/logo\\\/image\\\/\"}}]}<\/script>\n<!-- \/ Yoast SEO plugin. -->","yoast_head_json":{"title":"Lingettes Microfibres - Akyalis","robots":{"index":"index","follow":"follow","max-snippet":"max-snippet:-1","max-image-preview":"max-image-preview:large","max-video-preview":"max-video-preview:-1"},"canonical":"https:\/\/akyalis.ch\/de\/produkt\/lingettes-microfibres\/","og_locale":"de_DE","og_type":"article","og_title":"Lingettes Microfibres - Akyalis","og_description":"De qualit\u00e9 sup\u00e9rieure et au toucher agr\u00e9able, nos lingettes garantissent un nettoyage exceptionnel de vos lunettes et de tous vos \u00e9crans. De plus, gr\u00e2ce \u00e0 leurs propri\u00e9t\u00e9s \u00e9lectrostatiques, ils attirent et retiennent facilement la poussi\u00e8re. Ne laissent aucune trace sur les surfaces nettoy\u00e9es et permettent d\u2019obtenir une brillance \u00e9clatante.","og_url":"https:\/\/akyalis.ch\/de\/produkt\/lingettes-microfibres\/","og_site_name":"Akyalis","article_modified_time":"2026-03-05T15:31:29+00:00","og_image":[{"width":598,"height":598,"url":"https:\/\/akyalis.ch\/wp-content\/uploads\/2024\/03\/lingettes-microfibres.jpg","type":"image\/jpeg"}],"twitter_card":"summary_large_image","twitter_misc":{"Gesch\u00e4tzte Lesezeit":"1\u00a0Minute"},"schema":{"@context":"https:\/\/schema.org","@graph":[{"@type":"WebPage","@id":"https:\/\/akyalis.ch\/produit\/lingettes-microfibres\/","url":"https:\/\/akyalis.ch\/produit\/lingettes-microfibres\/","name":"Lingettes Microfibres - Akyalis","isPartOf":{"@id":"https:\/\/akyalis.ch\/#website"},"primaryImageOfPage":{"@id":"https:\/\/akyalis.ch\/produit\/lingettes-microfibres\/#primaryimage"},"image":{"@id":"https:\/\/akyalis.ch\/produit\/lingettes-microfibres\/#primaryimage"},"thumbnailUrl":"https:\/\/akyalis.ch\/wp-content\/uploads\/2024\/03\/lingettes-microfibres.jpg","datePublished":"2024-03-22T07:05:14+00:00","dateModified":"2026-03-05T15:31:29+00:00","breadcrumb":{"@id":"https:\/\/akyalis.ch\/produit\/lingettes-microfibres\/#breadcrumb"},"inLanguage":"de-CH","potentialAction":[{"@type":"ReadAction","target":["https:\/\/akyalis.ch\/produit\/lingettes-microfibres\/"]}]},{"@type":"ImageObject","inLanguage":"de-CH","@id":"https:\/\/akyalis.ch\/produit\/lingettes-microfibres\/#primaryimage","url":"https:\/\/akyalis.ch\/wp-content\/uploads\/2024\/03\/lingettes-microfibres.jpg","contentUrl":"https:\/\/akyalis.ch\/wp-content\/uploads\/2024\/03\/lingettes-microfibres.jpg","width":598,"height":598},{"@type":"BreadcrumbList","@id":"https:\/\/akyalis.ch\/produit\/lingettes-microfibres\/#breadcrumb","itemListElement":[{"@type":"ListItem","position":1,"name":"Accueil","item":"https:\/\/akyalis.ch\/"},{"@type":"ListItem","position":2,"name":"Boutique","item":"https:\/\/akyalis.ch\/boutique\/"},{"@type":"ListItem","position":3,"name":"Lingettes Microfibres"}]},{"@type":"WebSite","@id":"https:\/\/akyalis.ch\/#website","url":"https:\/\/akyalis.ch\/","name":"Akyalis","description":"Mikrofaser","publisher":{"@id":"https:\/\/akyalis.ch\/#organization"},"potentialAction":[{"@type":"SearchAction","target":{"@type":"EntryPoint","urlTemplate":"https:\/\/akyalis.ch\/?s={search_term_string}"},"query-input":{"@type":"PropertyValueSpecification","valueRequired":true,"valueName":"search_term_string"}}],"inLanguage":"de-CH"},{"@type":"Organization","@id":"https:\/\/akyalis.ch\/#organization","name":"Akyalis","url":"https:\/\/akyalis.ch\/","logo":{"@type":"ImageObject","inLanguage":"de-CH","@id":"https:\/\/akyalis.ch\/#\/schema\/logo\/image\/","url":"https:\/\/akyalis.ch\/wp-content\/uploads\/2024\/03\/logo_wht.png","contentUrl":"https:\/\/akyalis.ch\/wp-content\/uploads\/2024\/03\/logo_wht.png","width":347,"height":97,"caption":"Akyalis"},"image":{"@id":"https:\/\/akyalis.ch\/#\/schema\/logo\/image\/"}}]}},"_links":{"self":[{"href":"https:\/\/akyalis.ch\/de\/wp-json\/wp\/v2\/product\/1172","targetHints":{"allow":["GET"]}}],"collection":[{"href":"https:\/\/akyalis.ch\/de\/wp-json\/wp\/v2\/product"}],"about":[{"href":"https:\/\/akyalis.ch\/de\/wp-json\/wp\/v2\/types\/product"}],"replies":[{"embeddable":true,"href":"https:\/\/akyalis.ch\/de\/wp-json\/wp\/v2\/comments?post=1172"}],"wp:featuredmedia":[{"embeddable":true,"href":"https:\/\/akyalis.ch\/de\/wp-json\/wp\/v2\/media\/1173"}],"wp:attachment":[{"href":"https:\/\/akyalis.ch\/de\/wp-json\/wp\/v2\/media?parent=1172"}],"wp:term":[{"taxonomy":"product_brand","embeddable":true,"href":"https:\/\/akyalis.ch\/de\/wp-json\/wp\/v2\/product_brand?post=1172"},{"taxonomy":"product_cat","embeddable":true,"href":"https:\/\/akyalis.ch\/de\/wp-json\/wp\/v2\/product_cat?post=1172"},{"taxonomy":"product_tag","embeddable":true,"href":"https:\/\/akyalis.ch\/de\/wp-json\/wp\/v2\/product_tag?post=1172"}],"curies":[{"name":"wp","href":"https:\/\/api.w.org\/{rel}","templated":true}]}}