{"id":2303,"date":"2024-05-06T14:36:14","date_gmt":"2024-05-06T12:36:14","guid":{"rendered":"https:\/\/akyalis.ch\/?page_id=2303"},"modified":"2024-05-06T14:38:59","modified_gmt":"2024-05-06T12:38:59","slug":"politique-de-confidentialite","status":"publish","type":"page","link":"https:\/\/akyalis.ch\/de\/politique-de-confidentialite\/","title":{"rendered":"Politique de confidentialit\u00e9"},"content":{"rendered":"<div data-elementor-type=\"wp-page\" data-elementor-id=\"2303\" class=\"elementor elementor-2303\" data-elementor-post-type=\"page\">\n\t\t\t\t<div data-particle_enable=\"false\" data-particle-mobile-disabled=\"false\" class=\"elementor-element elementor-element-c9d49e3 e-con-full enov-first-section special-mobile-height e-flex e-con e-parent\" data-id=\"c9d49e3\" data-element_type=\"container\" data-settings=\"{&quot;background_background&quot;:&quot;classic&quot;}\">\n\t\t\t\t<\/div>\n\t\t<div data-particle_enable=\"false\" data-particle-mobile-disabled=\"false\" class=\"elementor-element elementor-element-1590bb9a e-flex e-con-boxed e-con e-parent\" data-id=\"1590bb9a\" data-element_type=\"container\">\n\t\t\t\t\t<div class=\"e-con-inner\">\n\t\t\t\t<div class=\"elementor-element elementor-element-2ffcf81e elementor-widget elementor-widget-text-editor\" data-id=\"2ffcf81e\" data-element_type=\"widget\" data-widget_type=\"text-editor.default\">\n\t\t\t\t<div class=\"elementor-widget-container\">\n\t\t\t<style>\/*! elementor - v3.21.0 - 30-04-2024 *\/\n.elementor-widget-text-editor.elementor-drop-cap-view-stacked .elementor-drop-cap{background-color:#69727d;color:#fff}.elementor-widget-text-editor.elementor-drop-cap-view-framed .elementor-drop-cap{color:#69727d;border:3px solid;background-color:transparent}.elementor-widget-text-editor:not(.elementor-drop-cap-view-default) .elementor-drop-cap{margin-top:8px}.elementor-widget-text-editor:not(.elementor-drop-cap-view-default) .elementor-drop-cap-letter{width:1em;height:1em}.elementor-widget-text-editor .elementor-drop-cap{float:left;text-align:center;line-height:1;font-size:50px}.elementor-widget-text-editor .elementor-drop-cap-letter{display:inline-block}<\/style>\t\t\t\t<h1><strong>Politique de confidentialit\u00e9<\/strong><\/h1>\r\nL\u2019entreprise Akyalis SA, 2900 Porrentruy, Suisse (ci-apr\u00e8s \u00abAkyalis SA\u00bb, ou \u00abnous\u00bb) accorde une importance particuli\u00e8re \u00e0 la protection des donn\u00e9es personnelles des visiteurs de son Site et s\u2019engage \u00e0 cet \u00e9gard \u00e0 pr\u00e9server la confidentialit\u00e9 des donn\u00e9es collect\u00e9es. La pr\u00e9sente politique de confidentialit\u00e9 d\u00e9crit le genre de donn\u00e9es personnelles que nous collectons ainsi que les modalit\u00e9s de traitement de ces donn\u00e9es.\r\n<h2><strong>Donn\u00e9es personnelles que nous pouvons collecter<\/strong><\/h2>\r\n<ul>\r\n \t<li>Nous pouvons collecter des informations concernant vos visites sur notre Site, y compris notamment les donn\u00e9es sur le trafic, les donn\u00e9es sur la localisation, le contenu de sondages et de formulaires de contact et autres donn\u00e9es de communication et de ressources auxquelles vous avez acc\u00e8s. Par exemple, la pr\u00e9sente information facilitera vos futures visites du Site dans la mesure o\u00f9 nous pourrons sugg\u00e9rer du contenu ou des services en fonction du lieu depuis lequel vous acc\u00e9dez au site.<\/li>\r\n \t<li>Si vous nous contactez, nous pouvons conserver une copie de cette correspondance.<\/li>\r\n \t<li>Nous collectons \u00e9galement sous forme agr\u00e9g\u00e9e des informations concernant l\u2019ensemble des utilisateurs du Site. Ceci nous permet d\u2019acqu\u00e9rir une meilleure compr\u00e9hension des utilisateurs du Site en tant que groupe, sans contenir d\u2019informations permettant de vous identifier personnellement.<\/li>\r\n \t<li>Nous pouvons \u00e9galement utiliser les informations pour des activit\u00e9s de marketing direct via e-mail, message et t\u00e9l\u00e9phone. Toutefois, vous avez la possibilit\u00e9 de renoncer en tout temps \u00e0 recevoir nos futures communications marketing.<\/li>\r\n \t<li>Nous pouvons \u00e9galement enregistrer des cookies tel que d\u00e9fini plus pr\u00e9cis\u00e9ment ci-dessous.<\/li>\r\n<\/ul>\r\n<h2><strong>Utilisation des donn\u00e9es personnelles<\/strong><\/h2>\r\nNous collectons et traitons les donn\u00e9es personnelles aux fins suivantes :\r\n<ul>\r\n \t<li>Personnaliser le contenu et les services en fonction de vos pr\u00e9f\u00e9rences.<\/li>\r\n \t<li>Vous tenir inform\u00e9 par e-mail, par t\u00e9l\u00e9phone et\/ou par courrier \u00e0 propos de nos services.<\/li>\r\n \t<li>Vous fournir des services suppl\u00e9mentaires \u2013 comme des newsletters ou des informations sur des \u00e9v\u00e9nements \u00e0 venir \u2013 que nous pouvons vous proposer.<\/li>\r\n \t<li>Pour nous permettre de cr\u00e9er, de publier et d\u2019am\u00e9liorer le contenu et les services les plus importants pour vous.<\/li>\r\n \t<li>Faire en sorte que le contenu et les services fournis via le Site soient pr\u00e9sent\u00e9s de la mani\u00e8re la plus efficace pour vous et vos dispositifs \u00e9lectroniques.<\/li>\r\n \t<li>Pour vous permettre de participer \u00e0 des manifestations interactives si vous le d\u00e9sirez.<\/li>\r\n \t<li>Pour d\u00e9velopper et am\u00e9liorer notre Site, son contenu, nos services et nos syst\u00e8mes.<\/li>\r\n<\/ul>\r\n&nbsp;\r\n<h2><strong>Partage avec des tiers<\/strong><\/h2>\r\nAfin de fournir le Site, le contenu et les services accessibles sur le Site, il peut parfois s\u2019av\u00e9rer n\u00e9cessaire de divulguer vos donn\u00e9es personnelles \u00e0 des tiers :\r\n<ul>\r\n \t<li>A des fournisseurs, des prestataires et des mandataires : occasionnellement, nous pouvons engager ou mandater d\u2019autres soci\u00e9t\u00e9s ou personnes afin de fournir du contenu et d\u2019ex\u00e9cuter les services en notre nom. Ceci inclut par exemple l\u2019h\u00e9bergement du contenu du Site et la fourniture de certains \u00e9l\u00e9ments contenus sur le site.<\/li>\r\n \t<li>A d\u2019autres entit\u00e9s appartenant \u00e0 la soci\u00e9t\u00e9 Akyalis SA, y compris leurs fournisseurs, leurs prestataires et leurs mandataires, qui peuvent \u00eatre impliqu\u00e9s dans la fourniture du Site ou de son contenu.<\/li>\r\n \t<li>A des autorit\u00e9s administratives ou p\u00e9nales si nous estimons, \u00e0 notre libre appr\u00e9ciation, qu\u2019une telle obligation nous incombe.<\/li>\r\n<\/ul>\r\n<h2><strong>Adresses IP et cookies<\/strong><\/h2>\r\n<h3><strong>Types de cookies utilis\u00e9s et leurs objectifs<\/strong><\/h3>\r\nNous pouvons collecter des informations concernant votre ordinateur, y compris le cas \u00e9ch\u00e9ant votre adresse IP, votre syst\u00e8me d\u2019exploitation et votre type de navigateur, \u00e0 des fins d\u2019administration du syst\u00e8me et afin de communiquer ces informations sous forme agr\u00e9g\u00e9e \u00e0 nos annonceurs.\u00a0<strong>Nous utilisons les cookies suivants:<\/strong>\u00a0Cookies fonctionnels : ils nous permettent d\u2019am\u00e9liorer le fonctionnement du site internet et de le rendre plus convivial pour le visiteur. Par exemple, nous stockons vos donn\u00e9es de connexion. Cookies de mesure d\u2019audience : ils garantissent qu\u2019un cookie anonyme est g\u00e9n\u00e9r\u00e9 \u00e0 chaque fois que vous visitez un site internet. Ces cookies permettent de savoir si vous avez d\u00e9j\u00e0 visit\u00e9 le site auparavant ou non. Ce n\u2019est que lors de la premi\u00e8re visite qu\u2019un cookie est cr\u00e9\u00e9. Lors des visites suivantes, l\u2019utilisation du cookie d\u00e9j\u00e0 existant est automatique. Ce cookie n\u2019est utilis\u00e9 qu\u2019\u00e0 des fins statistiques. De cette fa\u00e7on, les donn\u00e9es suivantes peuvent \u00eatre collect\u00e9es :\r\n<ul>\r\n \t<li>\r\n<ul>\r\n \t<li>le nombre de visiteurs uniques<\/li>\r\n \t<li>la fr\u00e9quence \u00e0 laquelle les utilisateurs visitent le site<\/li>\r\n \t<li>quelles pages les visiteurs consultent<\/li>\r\n \t<li>combien de temps les utilisateurs consultent une page particuli\u00e8re<\/li>\r\n \t<li>la page \u00e0 partir de laquelle les visiteurs quittent le site<\/li>\r\n<\/ul>\r\n<\/li>\r\n<\/ul>\r\n&nbsp;\r\n<h3><strong>1 bis. Liste des cookies utilis\u00e9s<\/strong><\/h3>\r\n<ul>\r\n \t<li>Cookies Akyalis SA.<\/li>\r\n \t<li>Google analytics: permet de mesurer l\u2019audience du site.<\/li>\r\n \t<li>Google tag manager: facilite l\u2019impl\u00e9mentation des tags sur les pages et permet de g\u00e9rer les balises Google.<\/li>\r\n \t<li>Cookies YouTube: YouTube installe ce cookie via des vid\u00e9os YouTube int\u00e9gr\u00e9es et enregistre des donn\u00e9es statistiques anonymes.<\/li>\r\n<\/ul>\r\n&nbsp;\r\n<h3><strong>Blocage et suppression des cookies<\/strong><\/h3>\r\nA moins que vous n\u2019ayez r\u00e9gl\u00e9 votre navigateur afin de refuser les cookies, nos syst\u00e8mes \u00e9mettront des cookies chaque fois que vous acc\u00e9derez au Site. Veuillez noter que nos annonceurs et nos fournisseurs de contenus tiers peuvent \u00e9galement utiliser des cookies qui \u00e9chappent \u00e0 notre contr\u00f4le. Par cons\u00e9quent, nous vous recommandons de v\u00e9rifier les sites Internet de tels tiers ainsi que leurs politiques de confidentialit\u00e9 respectives pour obtenir de plus amples informations au sujet de leurs cookies et de leur gestion. Nous vous conseillons \u00e9galement, si vous partagez votre ordinateur avec d\u2019autres personnes, de ne pas s\u00e9lectionner l\u2019option \u00ab Se souvenir de moi \u00bb lorsqu\u2019un service propose une telle option afin d\u2019enregistrer des informations que vous avez saisies. Vous pouvez facilement bloquer et supprimer vous-m\u00eame les cookies \u00e0 tout moment par votre navigateur Internet. Vous pouvez \u00e9galement configurer votre navigateur Internet de mani\u00e8re \u00e0 recevoir un message lorsqu\u2019un cookie est install\u00e9. Vous pouvez \u00e9galement indiquer que certains cookies ne peuvent pas \u00eatre install\u00e9s. Pour cela, veuillez consultez la fonction d\u2019aide de votre navigateur. Si vous supprimez les cookies de votre navigateur, cela peut avoir des cons\u00e9quences sur l\u2019utilisation de notre site internet. Certains cookies de suivi sont install\u00e9s par des tiers qui vous affichent des publicit\u00e9s via notre site Web. Vous pouvez supprimer ces cookies de mani\u00e8re centralis\u00e9e via www.youronlinechoices.eu. Veuillez noter que si vous ne voulez pas de cookies, nous ne serons plus en mesure de garantir le bon fonctionnement de notre site Web. Certaines caract\u00e9ristiques du site peuvent \u00eatre alt\u00e9r\u00e9es et dans certains cas, vous ne pourrez plus acc\u00e9der au site. De plus, le refus des cookies ne signifie pas que vous ne verrez aucune publicit\u00e9. Les annonces ne sont plus adapt\u00e9es \u00e0 vos centres d\u2019int\u00e9r\u00eat et peuvent donc appara\u00eetre plus souvent. Les \u00e9tapes \u00e0 suivre pour ajuster vos param\u00e8tres varient d\u2019un navigateur \u00e0 un autre. Si n\u00e9cessaire, consultez la fonction d\u2019aide de votre navigateur, ou rendez-vous sur l\u2019un des liens ci-dessous pour acc\u00e9der directement au manuel de votre navigateur. Firefox : https :\/\/support .mozilla .org\/fr\/kb\/effacer -les-cookies-pour-supprimer-les-information Google Chrome : https:\/\/support.google.com\/chrome\/answer\/95647 ?co=GENIE.Platform=Desktop&amp;hl=fr Internet Explorer : https:\/\/support .microsoft.com\/fr-fr\/help\/2 7 883 5\/how-to-delete-cookie-files-in-internet-explorer Safari : https:\/\/support.apple.com\/kb\/ph21411 ?locale=fr _FR\r\n<h3><strong>Lieu de stockage et du traitement des donn\u00e9es personnelles<\/strong><\/h3>\r\nLes donn\u00e9es personnelles que nous collectons peuvent \u00eatre stock\u00e9es et trait\u00e9es par nous et par les tiers mentionn\u00e9s ci-dessus hors des fronti\u00e8res suisses, y compris dans des pays dont la l\u00e9gislation en mati\u00e8re de protection des donn\u00e9es peut ne pas offrir une protection \u00e9quivalente \u00e0 celle du droit suisse. En transmettant vos donn\u00e9es personnelles, vous consentez \u00e0 un tel transfert, ainsi qu\u2019au stockage et au traitement hors de Suisse.\r\n<h3><strong>S\u00e9curit\u00e9 des donn\u00e9es<\/strong><\/h3>\r\nBien que nous mettions tout en \u0153uvre afin de prot\u00e9ger vos donn\u00e9es, la transmission d\u2019informations sur Internet n\u2019est pas enti\u00e8rement s\u00fbre et nous ne sommes pas en mesure de garantir la s\u00e9curit\u00e9 de vos donn\u00e9es personnelles transmises au Site ou \u00e0 des tiers\u00a0; toute transmission de donn\u00e9es a lieu exclusivement \u00e0 vos risques et p\u00e9rils. Lorsque nous recevons vos donn\u00e9es personnelles, nous appliquons des proc\u00e9dures et des mesures de s\u00e9curit\u00e9 strictes pour tenter de pr\u00e9venir tout acc\u00e8s non autoris\u00e9.\r\n<h3><strong>Mise \u00e0 jour ou suppression de vos donn\u00e9es<\/strong><\/h3>\r\nSi vous souhaitez supprimer vos informations personnelles de nos dossiers, sous r\u00e9serve de justifier de votre identit\u00e9, vous pouvez, \u00e0 tout moment nous contacter \u00e0 l\u2019adresse info@akyalis.ch. Un courrier \u00e9lectronique vous sera envoy\u00e9 confirmant la suppression de vos donn\u00e9es, qui seront toutefois sauvegard\u00e9es sur une copie d\u2019archivage, \u00e0 laquelle ni vous, ni aucune tierce partie, ne pourrez acc\u00e9der sur Internet. Cette copie est conserv\u00e9e sans limitation de dur\u00e9e, \u00e0 des fins d\u2019audit et d\u2019archivage.\r\n<h3><strong>Modifications de la politique de confidentialit\u00e9<\/strong><\/h3>\r\nToute modification de la politique de confidentialit\u00e9 sera post\u00e9e sur cette page.\t\t\t\t\t\t<\/div>\n\t\t\t\t<\/div>\n\t\t\t\t\t<\/div>\n\t\t\t\t<\/div>\n\t\t\t\t<\/div>","protected":false},"excerpt":{"rendered":"<p>Politique de confidentialit\u00e9 L\u2019entreprise Akyalis SA, 2900 Porrentruy, Suisse (ci-apr\u00e8s \u00abAkyalis SA\u00bb, ou \u00abnous\u00bb) accorde une importance particuli\u00e8re \u00e0 la protection des donn\u00e9es personnelles des visiteurs de son Site et s\u2019engage \u00e0 cet \u00e9gard \u00e0 pr\u00e9server la confidentialit\u00e9 des donn\u00e9es collect\u00e9es. La pr\u00e9sente politique de confidentialit\u00e9 d\u00e9crit le genre de donn\u00e9es personnelles que nous collectons [&hellip;]<\/p>\n","protected":false},"author":1,"featured_media":0,"parent":0,"menu_order":0,"comment_status":"closed","ping_status":"closed","template":"","meta":{"_acf_changed":false,"footnotes":""},"class_list":["post-2303","page","type-page","status-publish","hentry"],"acf":[],"yoast_head":"<!-- This site is optimized with the Yoast SEO plugin v27.4 - https:\/\/yoast.com\/product\/yoast-seo-wordpress\/ -->\n<title>Politique de confidentialit\u00e9 - Akyalis<\/title>\n<meta name=\"robots\" content=\"index, follow, max-snippet:-1, max-image-preview:large, max-video-preview:-1\" \/>\n<link rel=\"canonical\" href=\"https:\/\/akyalis.ch\/de\/politique-de-confidentialite\/\" \/>\n<meta property=\"og:locale\" content=\"de_DE\" \/>\n<meta property=\"og:type\" content=\"article\" \/>\n<meta property=\"og:title\" content=\"Politique de confidentialit\u00e9 - Akyalis\" \/>\n<meta property=\"og:description\" content=\"Politique de confidentialit\u00e9 L\u2019entreprise Akyalis SA, 2900 Porrentruy, Suisse (ci-apr\u00e8s \u00abAkyalis SA\u00bb, ou \u00abnous\u00bb) accorde une importance particuli\u00e8re \u00e0 la protection des donn\u00e9es personnelles des visiteurs de son Site et s\u2019engage \u00e0 cet \u00e9gard \u00e0 pr\u00e9server la confidentialit\u00e9 des donn\u00e9es collect\u00e9es. La pr\u00e9sente politique de confidentialit\u00e9 d\u00e9crit le genre de donn\u00e9es personnelles que nous collectons [&hellip;]\" \/>\n<meta property=\"og:url\" content=\"https:\/\/akyalis.ch\/de\/politique-de-confidentialite\/\" \/>\n<meta property=\"og:site_name\" content=\"Akyalis\" \/>\n<meta property=\"article:modified_time\" content=\"2024-05-06T12:38:59+00:00\" \/>\n<meta name=\"twitter:card\" content=\"summary_large_image\" \/>\n<meta name=\"twitter:label1\" content=\"Gesch\u00e4tzte Lesezeit\" \/>\n\t<meta name=\"twitter:data1\" content=\"8\u00a0Minuten\" \/>\n<script type=\"application\/ld+json\" class=\"yoast-schema-graph\">{\"@context\":\"https:\\\/\\\/schema.org\",\"@graph\":[{\"@type\":\"WebPage\",\"@id\":\"https:\\\/\\\/akyalis.ch\\\/politique-de-confidentialite\\\/\",\"url\":\"https:\\\/\\\/akyalis.ch\\\/politique-de-confidentialite\\\/\",\"name\":\"Politique de confidentialit\u00e9 - Akyalis\",\"isPartOf\":{\"@id\":\"https:\\\/\\\/akyalis.ch\\\/#website\"},\"datePublished\":\"2024-05-06T12:36:14+00:00\",\"dateModified\":\"2024-05-06T12:38:59+00:00\",\"breadcrumb\":{\"@id\":\"https:\\\/\\\/akyalis.ch\\\/politique-de-confidentialite\\\/#breadcrumb\"},\"inLanguage\":\"de-CH\",\"potentialAction\":[{\"@type\":\"ReadAction\",\"target\":[\"https:\\\/\\\/akyalis.ch\\\/politique-de-confidentialite\\\/\"]}]},{\"@type\":\"BreadcrumbList\",\"@id\":\"https:\\\/\\\/akyalis.ch\\\/politique-de-confidentialite\\\/#breadcrumb\",\"itemListElement\":[{\"@type\":\"ListItem\",\"position\":1,\"name\":\"Accueil\",\"item\":\"https:\\\/\\\/akyalis.ch\\\/\"},{\"@type\":\"ListItem\",\"position\":2,\"name\":\"Politique de confidentialit\u00e9\"}]},{\"@type\":\"WebSite\",\"@id\":\"https:\\\/\\\/akyalis.ch\\\/#website\",\"url\":\"https:\\\/\\\/akyalis.ch\\\/\",\"name\":\"Akyalis\",\"description\":\"Mikrofaser\",\"publisher\":{\"@id\":\"https:\\\/\\\/akyalis.ch\\\/#organization\"},\"potentialAction\":[{\"@type\":\"SearchAction\",\"target\":{\"@type\":\"EntryPoint\",\"urlTemplate\":\"https:\\\/\\\/akyalis.ch\\\/?s={search_term_string}\"},\"query-input\":{\"@type\":\"PropertyValueSpecification\",\"valueRequired\":true,\"valueName\":\"search_term_string\"}}],\"inLanguage\":\"de-CH\"},{\"@type\":\"Organization\",\"@id\":\"https:\\\/\\\/akyalis.ch\\\/#organization\",\"name\":\"Akyalis\",\"url\":\"https:\\\/\\\/akyalis.ch\\\/\",\"logo\":{\"@type\":\"ImageObject\",\"inLanguage\":\"de-CH\",\"@id\":\"https:\\\/\\\/akyalis.ch\\\/#\\\/schema\\\/logo\\\/image\\\/\",\"url\":\"https:\\\/\\\/akyalis.ch\\\/wp-content\\\/uploads\\\/2024\\\/03\\\/logo_wht.png\",\"contentUrl\":\"https:\\\/\\\/akyalis.ch\\\/wp-content\\\/uploads\\\/2024\\\/03\\\/logo_wht.png\",\"width\":347,\"height\":97,\"caption\":\"Akyalis\"},\"image\":{\"@id\":\"https:\\\/\\\/akyalis.ch\\\/#\\\/schema\\\/logo\\\/image\\\/\"}}]}<\/script>\n<!-- \/ Yoast SEO plugin. -->","yoast_head_json":{"title":"Politique de confidentialit\u00e9 - Akyalis","robots":{"index":"index","follow":"follow","max-snippet":"max-snippet:-1","max-image-preview":"max-image-preview:large","max-video-preview":"max-video-preview:-1"},"canonical":"https:\/\/akyalis.ch\/de\/politique-de-confidentialite\/","og_locale":"de_DE","og_type":"article","og_title":"Politique de confidentialit\u00e9 - Akyalis","og_description":"Politique de confidentialit\u00e9 L\u2019entreprise Akyalis SA, 2900 Porrentruy, Suisse (ci-apr\u00e8s \u00abAkyalis SA\u00bb, ou \u00abnous\u00bb) accorde une importance particuli\u00e8re \u00e0 la protection des donn\u00e9es personnelles des visiteurs de son Site et s\u2019engage \u00e0 cet \u00e9gard \u00e0 pr\u00e9server la confidentialit\u00e9 des donn\u00e9es collect\u00e9es. La pr\u00e9sente politique de confidentialit\u00e9 d\u00e9crit le genre de donn\u00e9es personnelles que nous collectons [&hellip;]","og_url":"https:\/\/akyalis.ch\/de\/politique-de-confidentialite\/","og_site_name":"Akyalis","article_modified_time":"2024-05-06T12:38:59+00:00","twitter_card":"summary_large_image","twitter_misc":{"Gesch\u00e4tzte Lesezeit":"8\u00a0Minuten"},"schema":{"@context":"https:\/\/schema.org","@graph":[{"@type":"WebPage","@id":"https:\/\/akyalis.ch\/politique-de-confidentialite\/","url":"https:\/\/akyalis.ch\/politique-de-confidentialite\/","name":"Politique de confidentialit\u00e9 - Akyalis","isPartOf":{"@id":"https:\/\/akyalis.ch\/#website"},"datePublished":"2024-05-06T12:36:14+00:00","dateModified":"2024-05-06T12:38:59+00:00","breadcrumb":{"@id":"https:\/\/akyalis.ch\/politique-de-confidentialite\/#breadcrumb"},"inLanguage":"de-CH","potentialAction":[{"@type":"ReadAction","target":["https:\/\/akyalis.ch\/politique-de-confidentialite\/"]}]},{"@type":"BreadcrumbList","@id":"https:\/\/akyalis.ch\/politique-de-confidentialite\/#breadcrumb","itemListElement":[{"@type":"ListItem","position":1,"name":"Accueil","item":"https:\/\/akyalis.ch\/"},{"@type":"ListItem","position":2,"name":"Politique de confidentialit\u00e9"}]},{"@type":"WebSite","@id":"https:\/\/akyalis.ch\/#website","url":"https:\/\/akyalis.ch\/","name":"Akyalis","description":"Mikrofaser","publisher":{"@id":"https:\/\/akyalis.ch\/#organization"},"potentialAction":[{"@type":"SearchAction","target":{"@type":"EntryPoint","urlTemplate":"https:\/\/akyalis.ch\/?s={search_term_string}"},"query-input":{"@type":"PropertyValueSpecification","valueRequired":true,"valueName":"search_term_string"}}],"inLanguage":"de-CH"},{"@type":"Organization","@id":"https:\/\/akyalis.ch\/#organization","name":"Akyalis","url":"https:\/\/akyalis.ch\/","logo":{"@type":"ImageObject","inLanguage":"de-CH","@id":"https:\/\/akyalis.ch\/#\/schema\/logo\/image\/","url":"https:\/\/akyalis.ch\/wp-content\/uploads\/2024\/03\/logo_wht.png","contentUrl":"https:\/\/akyalis.ch\/wp-content\/uploads\/2024\/03\/logo_wht.png","width":347,"height":97,"caption":"Akyalis"},"image":{"@id":"https:\/\/akyalis.ch\/#\/schema\/logo\/image\/"}}]}},"_links":{"self":[{"href":"https:\/\/akyalis.ch\/de\/wp-json\/wp\/v2\/pages\/2303","targetHints":{"allow":["GET"]}}],"collection":[{"href":"https:\/\/akyalis.ch\/de\/wp-json\/wp\/v2\/pages"}],"about":[{"href":"https:\/\/akyalis.ch\/de\/wp-json\/wp\/v2\/types\/page"}],"author":[{"embeddable":true,"href":"https:\/\/akyalis.ch\/de\/wp-json\/wp\/v2\/users\/1"}],"replies":[{"embeddable":true,"href":"https:\/\/akyalis.ch\/de\/wp-json\/wp\/v2\/comments?post=2303"}],"version-history":[{"count":4,"href":"https:\/\/akyalis.ch\/de\/wp-json\/wp\/v2\/pages\/2303\/revisions"}],"predecessor-version":[{"id":2307,"href":"https:\/\/akyalis.ch\/de\/wp-json\/wp\/v2\/pages\/2303\/revisions\/2307"}],"wp:attachment":[{"href":"https:\/\/akyalis.ch\/de\/wp-json\/wp\/v2\/media?parent=2303"}],"curies":[{"name":"wp","href":"https:\/\/api.w.org\/{rel}","templated":true}]}}